{"id":308,"date":"2018-09-21T02:06:51","date_gmt":"2018-09-21T02:06:51","guid":{"rendered":"http:\/\/www.irnpqeo.ca\/?page_id=308"},"modified":"2018-09-21T19:33:06","modified_gmt":"2018-09-21T19:33:06","slug":"politique-acces","status":"publish","type":"page","link":"https:\/\/www.irnpqeo.ca\/fr\/chercheurs\/zone-protegee\/politique-acces\/","title":{"rendered":"Politique d\u2019acc\u00e8s aux donn\u00e9es et au mat\u00e9riel biologique de la Cohorte 3D"},"content":{"rendered":"<div class=\"members-access-error\">Sorry, but you do not have permission to view this content.<\/div>\n","protected":false},"excerpt":{"rendered":"<div class=\"members-access-error\">Sorry, but you do not have permission to view this content.<\/div>\n","protected":false},"author":1,"featured_media":0,"parent":201,"menu_order":0,"comment_status":"closed","ping_status":"closed","template":"","meta":{"footnotes":""},"class_list":["post-308","page","type-page","status-publish","hentry"],"_links":{"self":[{"href":"https:\/\/www.irnpqeo.ca\/fr\/wp-json\/wp\/v2\/pages\/308","targetHints":{"allow":["GET"]}}],"collection":[{"href":"https:\/\/www.irnpqeo.ca\/fr\/wp-json\/wp\/v2\/pages"}],"about":[{"href":"https:\/\/www.irnpqeo.ca\/fr\/wp-json\/wp\/v2\/types\/page"}],"author":[{"embeddable":true,"href":"https:\/\/www.irnpqeo.ca\/fr\/wp-json\/wp\/v2\/users\/1"}],"replies":[{"embeddable":true,"href":"https:\/\/www.irnpqeo.ca\/fr\/wp-json\/wp\/v2\/comments?post=308"}],"version-history":[{"count":4,"href":"https:\/\/www.irnpqeo.ca\/fr\/wp-json\/wp\/v2\/pages\/308\/revisions"}],"predecessor-version":[{"id":387,"href":"https:\/\/www.irnpqeo.ca\/fr\/wp-json\/wp\/v2\/pages\/308\/revisions\/387"}],"up":[{"embeddable":true,"href":"https:\/\/www.irnpqeo.ca\/fr\/wp-json\/wp\/v2\/pages\/201"}],"wp:attachment":[{"href":"https:\/\/www.irnpqeo.ca\/fr\/wp-json\/wp\/v2\/media?parent=308"}],"curies":[{"name":"wp","href":"https:\/\/api.w.org\/{rel}","templated":true}]}}