{"id":324,"date":"2018-09-21T02:16:06","date_gmt":"2018-09-21T02:16:06","guid":{"rendered":"http:\/\/www.irnpqeo.ca\/?page_id=324"},"modified":"2018-09-21T19:35:34","modified_gmt":"2018-09-21T19:35:34","slug":"biospecimens-collectes","status":"publish","type":"page","link":"https:\/\/www.irnpqeo.ca\/fr\/chercheurs\/zone-protegee\/biospecimens-collectes\/","title":{"rendered":"Bio sp\u00e9cimens collect\u00e9s  dans l&rsquo;\u00e9tude de cohorte 3D"},"content":{"rendered":"<div class=\"members-access-error\">Sorry, but you do not have permission to view this content.<\/div>\n","protected":false},"excerpt":{"rendered":"<div class=\"members-access-error\">Sorry, but you do not have permission to view this content.<\/div>\n","protected":false},"author":1,"featured_media":0,"parent":201,"menu_order":0,"comment_status":"closed","ping_status":"closed","template":"","meta":{"footnotes":""},"class_list":["post-324","page","type-page","status-publish","hentry"],"_links":{"self":[{"href":"https:\/\/www.irnpqeo.ca\/fr\/wp-json\/wp\/v2\/pages\/324","targetHints":{"allow":["GET"]}}],"collection":[{"href":"https:\/\/www.irnpqeo.ca\/fr\/wp-json\/wp\/v2\/pages"}],"about":[{"href":"https:\/\/www.irnpqeo.ca\/fr\/wp-json\/wp\/v2\/types\/page"}],"author":[{"embeddable":true,"href":"https:\/\/www.irnpqeo.ca\/fr\/wp-json\/wp\/v2\/users\/1"}],"replies":[{"embeddable":true,"href":"https:\/\/www.irnpqeo.ca\/fr\/wp-json\/wp\/v2\/comments?post=324"}],"version-history":[{"count":3,"href":"https:\/\/www.irnpqeo.ca\/fr\/wp-json\/wp\/v2\/pages\/324\/revisions"}],"predecessor-version":[{"id":408,"href":"https:\/\/www.irnpqeo.ca\/fr\/wp-json\/wp\/v2\/pages\/324\/revisions\/408"}],"up":[{"embeddable":true,"href":"https:\/\/www.irnpqeo.ca\/fr\/wp-json\/wp\/v2\/pages\/201"}],"wp:attachment":[{"href":"https:\/\/www.irnpqeo.ca\/fr\/wp-json\/wp\/v2\/media?parent=324"}],"curies":[{"name":"wp","href":"https:\/\/api.w.org\/{rel}","templated":true}]}}