{"id":8,"date":"2018-07-27T15:16:27","date_gmt":"2018-07-27T15:16:27","guid":{"rendered":"https:\/\/irnpqeo.ca\/?page_id=8"},"modified":"2024-07-24T17:11:10","modified_gmt":"2024-07-24T17:11:10","slug":"home","status":"publish","type":"page","link":"https:\/\/www.irnpqeo.ca\/fr\/","title":{"rendered":"Accueil"},"content":{"rendered":"<div class=\"wpb-content-wrapper\"><p>[vc_row row_height_percent=\u00a0\u00bb0&Prime; override_padding=\u00a0\u00bbyes\u00a0\u00bb h_padding=\u00a0\u00bb2&Prime; top_padding=\u00a0\u00bb0&Prime; bottom_padding=\u00a0\u00bb0&Prime; overlay_alpha=\u00a0\u00bb50&Prime; gutter_size=\u00a0\u00bb3&Prime; column_width_percent=\u00a0\u00bb100&Prime; shift_y=\u00a0\u00bb0&Prime; z_index=\u00a0\u00bb0&Prime;][vc_column width=\u00a0\u00bb1\/1&Prime;][rev_slider_vc alias=\u00a0\u00bbaccueil\u00a0\u00bb][\/vc_column][\/vc_row][vc_row row_height_percent=\u00a0\u00bb0&Prime; override_padding=\u00a0\u00bbyes\u00a0\u00bb h_padding=\u00a0\u00bb2&Prime; top_padding=\u00a0\u00bb2&Prime; bottom_padding=\u00a0\u00bb0&Prime; overlay_alpha=\u00a0\u00bb50&Prime; gutter_size=\u00a0\u00bb3&Prime; column_width_percent=\u00a0\u00bb100&Prime; shift_y=\u00a0\u00bb0&Prime; z_index=\u00a0\u00bb0&Prime;][vc_column width=\u00a0\u00bb1\/2&Prime;][vc_icon position=\u00a0\u00bbleft\u00a0\u00bb icon=\u00a0\u00bbfa fa-group2&Prime; icon_color=\u00a0\u00bbaccent\u00a0\u00bb size=\u00a0\u00bbfa-4x\u00a0\u00bb linked_title=\u00a0\u00bbyes\u00a0\u00bb css_animation=\u00a0\u00bbzoom-in\u00a0\u00bb animation_delay=\u00a0\u00bb200&Prime; title=\u00a0\u00bb\u00c0 propos de l\u2019IRNPQEO\u00a0\u00bb link=\u00a0\u00bburl:https%3A%2F%2Fwww.irnpqeo.ca%2Ffr%2Fa-propos%2F|||\u00a0\u00bb link_text=\u00a0\u00bbLire plus\u00a0\u00bb]L&rsquo;IRNPQEO est un r\u00e9seau de chercheurs de plusieurs disciplines qui s\u2019int\u00e9ressent particuli\u00e8rement aux enjeux li\u00e9s \u00e0 la sant\u00e9 de la m\u00e8re et de l\u2019enfant.[\/vc_icon][\/vc_column][vc_column width=\u00a0\u00bb1\/2&Prime;][vc_icon position=\u00a0\u00bbleft\u00a0\u00bb icon=\u00a0\u00bbfa fa-child\u00a0\u00bb icon_color=\u00a0\u00bbaccent\u00a0\u00bb size=\u00a0\u00bbfa-4x\u00a0\u00bb linked_title=\u00a0\u00bbyes\u00a0\u00bb css_animation=\u00a0\u00bbzoom-in\u00a0\u00bb animation_delay=\u00a0\u00bb400&Prime; title=\u00a0\u00bbAper\u00e7u de l\u2019\u00c9tude 3D\u00a0\u00bb link=\u00a0\u00bburl:https%3A%2F%2Fwww.irnpqeo.ca%2Ffr%2Fa-propos%2Fetude-3d%2F|||\u00a0\u00bb link_text=\u00a0\u00bbLire plus\u00a0\u00bb]L\u2019\u00e9tude 3D s\u2019int\u00e9resse particuli\u00e8rement \u00e0 quatre grands th\u00e8mes de recherche en p\u00e9rinatalit\u00e9 ainsi qu\u2019\u00e0 des projets transversaux.[\/vc_icon][\/vc_column][\/vc_row][vc_row row_height_percent=\u00a0\u00bb0&Prime; override_padding=\u00a0\u00bbyes\u00a0\u00bb h_padding=\u00a0\u00bb2&Prime; top_padding=\u00a0\u00bb2&Prime; bottom_padding=\u00a0\u00bb0&Prime; overlay_alpha=\u00a0\u00bb50&Prime; gutter_size=\u00a0\u00bb3&Prime; column_width_percent=\u00a0\u00bb100&Prime; shift_y=\u00a0\u00bb0&Prime; z_index=\u00a0\u00bb0&Prime;][vc_column width=\u00a0\u00bb1\/2&Prime;][vc_icon position=\u00a0\u00bbleft\u00a0\u00bb icon=\u00a0\u00bbfa fa-paper\u00a0\u00bb icon_color=\u00a0\u00bbaccent\u00a0\u00bb size=\u00a0\u00bbfa-4x\u00a0\u00bb linked_title=\u00a0\u00bbyes\u00a0\u00bb css_animation=\u00a0\u00bbzoom-in\u00a0\u00bb animation_delay=\u00a0\u00bb200&Prime; title=\u00a0\u00bb\u00c9tudes de Suivi 3D\u00a0\u00bb link=\u00a0\u00bburl:https%3A%2F%2Fwww.irnpqeo.ca%2Ffr%2Fa-propos%2Fetude-suivi-3d%2F|||\u00a0\u00bb link_text=\u00a0\u00bbLire plus\u00a0\u00bb]Au Qu\u00e9bec, le degr\u00e9 de pr\u00e9paration \u00e0 l\u2019\u00e9cole des enfants qui entrent \u00e0 la maternelle et en premi\u00e8re ann\u00e9e varie beaucoup \u00e0 travers les domaines de leur d\u00e9veloppement.[\/vc_icon][\/vc_column][vc_column width=\u00a0\u00bb1\/2&Prime;][vc_icon position=\u00a0\u00bbleft\u00a0\u00bb icon=\u00a0\u00bbfa fa-search\u00a0\u00bb icon_color=\u00a0\u00bbaccent\u00a0\u00bb size=\u00a0\u00bbfa-4x\u00a0\u00bb linked_title=\u00a0\u00bbyes\u00a0\u00bb css_animation=\u00a0\u00bbzoom-in\u00a0\u00bb animation_delay=\u00a0\u00bb400&Prime; title=\u00a0\u00bbAutres \u00e9tudes en cours\u00a0\u00bb link=\u00a0\u00bburl:https%3A%2F%2Fwww.irnpqeo.ca%2Ffr%2Fa-propos%2Fautres-etudes%2F|||\u00a0\u00bb link_text=\u00a0\u00bbLire plus\u00a0\u00bb]L\u2019IRNPQEO est ouvert \u00e0 accepter des projets de recherche qui correspondent \u00e0 ses th\u00e9matiques sans pour autant nuire aux projets en cours.[\/vc_icon][\/vc_column][\/vc_row][vc_row][vc_column width=\u00a0\u00bb1\/2&Prime;][vc_icon position=\u00a0\u00bbleft\u00a0\u00bb icon=\u00a0\u00bbfa fa-tint\u00a0\u00bb icon_color=\u00a0\u00bbaccent\u00a0\u00bb size=\u00a0\u00bbfa-4x\u00a0\u00bb linked_title=\u00a0\u00bbyes\u00a0\u00bb css_animation=\u00a0\u00bbzoom-in\u00a0\u00bb animation_delay=\u00a0\u00bb200&Prime; title=\u00a0\u00bbBiobanque IRNPQEO\u00a0\u00bb link=\u00a0\u00bburl:https%3A%2F%2Fwww.irnpqeo.ca%2Ffr%2Fa-propos%2Fbiobanque%2F|||\u00a0\u00bb link_text=\u00a0\u00bbLire plus\u00a0\u00bb]La Biobanque l\u2019IRNPQEO compte plus de 200,000 sp\u00e9cimens biologiques collect\u00e9s et elle compte \u00e9galement des donn\u00e9es provenant de trentaines de questionnaires compl\u00e9t\u00e9s durant l\u2019\u00e9tude 3D.[\/vc_icon][\/vc_column][vc_column width=\u00a0\u00bb1\/2&Prime;][vc_icon position=\u00a0\u00bbleft\u00a0\u00bb icon=\u00a0\u00bbfa fa-newspaper-o\u00a0\u00bb icon_color=\u00a0\u00bbaccent\u00a0\u00bb size=\u00a0\u00bbfa-4x\u00a0\u00bb linked_title=\u00a0\u00bbyes\u00a0\u00bb css_animation=\u00a0\u00bbzoom-in\u00a0\u00bb animation_delay=\u00a0\u00bb400&Prime; title=\u00a0\u00bbPublications\u00a0\u00bb link=\u00a0\u00bburl:https%3A%2F%2Fwww.irnpqeo.ca%2Ffr%2Fa-propos%2Fpublications%2F|||\u00a0\u00bb link_text=\u00a0\u00bbLire plus\u00a0\u00bb]Une cinquantaine d\u2019articles ont \u00e9t\u00e9 publi\u00e9s, et de nombreux autres sont en pr\u00e9paration ou soumis \u00e0 des revues.[\/vc_icon][\/vc_column][\/vc_row][vc_row row_height_percent=\u00a0\u00bb0&Prime; back_color=\u00a0\u00bbcolor-gyho\u00a0\u00bb overlay_alpha=\u00a0\u00bb50&Prime; gutter_size=\u00a0\u00bb3&Prime; column_width_percent=\u00a0\u00bb100&Prime; shift_y=\u00a0\u00bb0&Prime; z_index=\u00a0\u00bb0&Prime;][vc_column width=\u00a0\u00bb1\/1&Prime;][vc_column_text]<\/p>\n<h1><a href=\"\/wordpress\/wp-content\/uploads\/2018\/09\/enfant-child-study.png\"><img decoding=\"async\" class=\"alignright size-full wp-image-212\" src=\"\/wordpress\/wp-content\/uploads\/2018\/09\/enfant-child-study.png\" alt=\"\" width=\"200\" height=\"302\" srcset=\"https:\/\/www.irnpqeo.ca\/wordpress\/wp-content\/uploads\/2018\/09\/enfant-child-study.png 200w, https:\/\/www.irnpqeo.ca\/wordpress\/wp-content\/uploads\/2018\/09\/enfant-child-study-199x300.png 199w\" sizes=\"(max-width: 200px) 100vw, 200px\" \/><\/a>\u00cates-vous une participante?<\/h1>\n<p>Cette section du site Web est pour vous. Nous esp\u00e9rons pouvoir garder contact avec vous et votre famille et continuer de vous tenir inform\u00e9es au fil des ans.<\/p>\n<p>Gr\u00e2ce \u00e0 la zone prot\u00e9g\u00e9e, nous pourrons vous faire part des nouvelles de l\u2019\u00e9tude qui pourraient vous int\u00e9resser, et par ailleurs, vous pourrez facilement nous transmettre vos nouvelles coordonn\u00e9es ou des commentaires, le tout de fa\u00e7on confidentielle.<\/p>\n<p>Nous vous invitons \u00e0 cr\u00e9er votre compte pour acc\u00e9der \u00e0 la zone prot\u00e9g\u00e9e.[\/vc_column_text][vc_row_inner row_inner_height_percent=\u00a0\u00bb0&Prime; overlay_alpha=\u00a0\u00bb50&Prime; gutter_size=\u00a0\u00bb3&Prime; shift_y=\u00a0\u00bb0&Prime; z_index=\u00a0\u00bb0&Prime;][vc_column_inner width=\u00a0\u00bb1\/3&Prime;][vc_button button_color=\u00a0\u00bbaccent\u00a0\u00bb wide=\u00a0\u00bbyes\u00a0\u00bb border_width=\u00a0\u00bb0&Prime; link=\u00a0\u00bburl:https%3A%2F%2Fwww.irnpqeo.ca%2Ffr%2Fparticipantes%2Fzone-protegee%2F|||\u00a0\u00bb icon=\u00a0\u00bbfa fa-lock\u00a0\u00bb]Acc\u00e9der \u00e0 la zone prot\u00e9g\u00e9e[\/vc_button][\/vc_column_inner][vc_column_inner width=\u00a0\u00bb1\/3&Prime;][vc_button button_color=\u00a0\u00bbcolor-vyce\u00a0\u00bb wide=\u00a0\u00bbyes\u00a0\u00bb border_width=\u00a0\u00bb0&Prime; link=\u00a0\u00bburl:https%3A%2F%2Fwww.irnpqeo.ca%2Ffr%2Fparticipantes%2Fcoordonnees%2F|||\u00a0\u00bb icon=\u00a0\u00bbfa fa-user\u00a0\u00bb]Mettre \u00e0 jour vos coordonn\u00e9es[\/vc_button][\/vc_column_inner][vc_column_inner width=\u00a0\u00bb1\/3&Prime;][\/vc_column_inner][\/vc_row_inner][\/vc_column][\/vc_row][vc_row row_height_percent=\u00a0\u00bb0&Prime; back_color=\u00a0\u00bbcolor-xsdn\u00a0\u00bb overlay_alpha=\u00a0\u00bb50&Prime; gutter_size=\u00a0\u00bb3&Prime; column_width_percent=\u00a0\u00bb100&Prime; shift_y=\u00a0\u00bb0&Prime; z_index=\u00a0\u00bb0&Prime;][vc_column width=\u00a0\u00bb1\/2&Prime;][vc_column_text]<\/p>\n<h1>\u00cates-vous un chercheur?<\/h1>\n<p>La plateforme de recherche de l\u2019IRNPQEO comprend une banque de donn\u00e9es et une banque de mat\u00e9riel biologique. \u00a0L\u2019\u00e9tendue des donn\u00e9es et des \u00e9chantillons biologiques contenus dans la Biobanque font de cette Plateforme une ressource importante pour des recherches futures en lien avec le d\u00e9roulement de la grossesse et l\u2019impact de la sant\u00e9 de la m\u00e8re et du p\u00e8re sur le d\u00e9veloppement de l\u2019enfant.[\/vc_column_text][vc_button button_color=\u00a0\u00bbcolor-wvjs\u00a0\u00bb wide=\u00a0\u00bbyes\u00a0\u00bb border_width=\u00a0\u00bb0&Prime; link=\u00a0\u00bburl:https%3A%2F%2Fwww.irnpqeo.ca%2Ffr%2Fchercheurs%2Fzone-protegee%2F|||\u00a0\u00bb icon=\u00a0\u00bbfa fa-lock\u00a0\u00bb]Acc\u00e9der \u00e0 la zone prot\u00e9g\u00e9e[\/vc_button][\/vc_column][vc_column width=\u00a0\u00bb1\/2&Prime;][vc_single_image media=\u00a0\u00bb297&Prime; media_width_percent=\u00a0\u00bb100&Prime;][\/vc_column][\/vc_row]<\/p>\n<\/div>","protected":false},"excerpt":{"rendered":"<p>[vc_row row_height_percent=\u00a0\u00bb0&Prime; override_padding=\u00a0\u00bbyes\u00a0\u00bb h_padding=\u00a0\u00bb2&Prime; top_padding=\u00a0\u00bb0&Prime; bottom_padding=\u00a0\u00bb0&Prime; overlay_alpha=\u00a0\u00bb50&Prime; gutter_size=\u00a0\u00bb3&Prime; column_width_percent=\u00a0\u00bb100&Prime; shift_y=\u00a0\u00bb0&Prime; z_index=\u00a0\u00bb0&Prime;][vc_column width=\u00a0\u00bb1\/1&Prime;][rev_slider_vc alias=\u00a0\u00bbaccueil\u00a0\u00bb][\/vc_column][\/vc_row][vc_row row_height_percent=\u00a0\u00bb0&Prime; override_padding=\u00a0\u00bbyes\u00a0\u00bb h_padding=\u00a0\u00bb2&Prime; top_padding=\u00a0\u00bb2&Prime; bottom_padding=\u00a0\u00bb0&Prime; overlay_alpha=\u00a0\u00bb50&Prime; gutter_size=\u00a0\u00bb3&Prime; [&hellip;]<\/p>\n","protected":false},"author":1,"featured_media":0,"parent":0,"menu_order":0,"comment_status":"closed","ping_status":"closed","template":"","meta":{"footnotes":""},"class_list":["post-8","page","type-page","status-publish","hentry"],"_links":{"self":[{"href":"https:\/\/www.irnpqeo.ca\/fr\/wp-json\/wp\/v2\/pages\/8","targetHints":{"allow":["GET"]}}],"collection":[{"href":"https:\/\/www.irnpqeo.ca\/fr\/wp-json\/wp\/v2\/pages"}],"about":[{"href":"https:\/\/www.irnpqeo.ca\/fr\/wp-json\/wp\/v2\/types\/page"}],"author":[{"embeddable":true,"href":"https:\/\/www.irnpqeo.ca\/fr\/wp-json\/wp\/v2\/users\/1"}],"replies":[{"embeddable":true,"href":"https:\/\/www.irnpqeo.ca\/fr\/wp-json\/wp\/v2\/comments?post=8"}],"version-history":[{"count":20,"href":"https:\/\/www.irnpqeo.ca\/fr\/wp-json\/wp\/v2\/pages\/8\/revisions"}],"predecessor-version":[{"id":4418,"href":"https:\/\/www.irnpqeo.ca\/fr\/wp-json\/wp\/v2\/pages\/8\/revisions\/4418"}],"wp:attachment":[{"href":"https:\/\/www.irnpqeo.ca\/fr\/wp-json\/wp\/v2\/media?parent=8"}],"curies":[{"name":"wp","href":"https:\/\/api.w.org\/{rel}","templated":true}]}}